{"id":126,"date":"2025-12-07T13:23:44","date_gmt":"2025-12-07T13:23:44","guid":{"rendered":"https:\/\/alexmalax.fr\/?page_id=126"},"modified":"2025-12-12T12:19:03","modified_gmt":"2025-12-12T12:19:03","slug":"accueil-2","status":"publish","type":"page","link":"https:\/\/alexmalax.fr\/","title":{"rendered":"Accueil"},"content":{"rendered":"\t\t<div data-elementor-type=\"wp-page\" data-elementor-id=\"126\" class=\"elementor elementor-126\">\n\t\t\t\t<div class=\"elementor-element elementor-element-4c5015b e-con-full e-flex e-con e-parent\" data-id=\"4c5015b\" data-element_type=\"container\" data-e-type=\"container\">\n\t\t\t\t<div class=\"elementor-element elementor-element-396e8a1 elementor-widget elementor-widget-heading\" data-id=\"396e8a1\" data-element_type=\"widget\" data-e-type=\"widget\" data-widget_type=\"heading.default\">\n\t\t\t\t\t<h1 class=\"elementor-heading-title elementor-size-default\">Massage Bien-\u00catre \u00e0 Domicile<\/h1>\t\t\t\t<\/div>\n\t\t\t\t<div class=\"elementor-element elementor-element-39ff391 elementor-widget elementor-widget-text-editor\" data-id=\"39ff391\" data-element_type=\"widget\" data-e-type=\"widget\" data-widget_type=\"text-editor.default\">\n\t\t\t\t\t\t\t\t\t<p><strong>Fumel et alentours<\/strong><\/p>\n<p>Haut-Agenais, Quercy-Vall\u00e9e du Lot, P\u00e9rigord Sud<\/p>\t\t\t\t\t\t\t\t<\/div>\n\t\t\t\t<div class=\"elementor-element elementor-element-e2f2111 elementor-widget elementor-widget-button\" data-id=\"e2f2111\" data-element_type=\"widget\" data-e-type=\"widget\" data-widget_type=\"button.default\">\n\t\t\t\t\t\t\t\t\t\t<a class=\"elementor-button elementor-button-link elementor-size-sm\" href=\"#\">\n\t\t\t\t\t\t<span class=\"elementor-button-content-wrapper\">\n\t\t\t\t\t\t\t\t\t<span class=\"elementor-button-text\">Zone <\/span>\n\t\t\t\t\t<\/span>\n\t\t\t\t\t<\/a>\n\t\t\t\t\t\t\t\t<\/div>\n\t\t\t\t<\/div>\n\t\t<div class=\"elementor-element elementor-element-8396557 e-con-full e-flex e-con e-parent\" data-id=\"8396557\" data-element_type=\"container\" data-e-type=\"container\">\n\t\t\t\t<div class=\"elementor-element elementor-element-f78eaa1 elementor-widget-divider--view-line elementor-widget elementor-widget-divider\" data-id=\"f78eaa1\" data-element_type=\"widget\" data-e-type=\"widget\" data-widget_type=\"divider.default\">\n\t\t\t\t\t\t\t<div class=\"elementor-divider\">\n\t\t\t<span class=\"elementor-divider-separator\">\n\t\t\t\t\t\t<\/span>\n\t\t<\/div>\n\t\t\t\t\t\t<\/div>\n\t\t\t\t<div class=\"elementor-element elementor-element-b93183c elementor-widget elementor-widget-heading\" data-id=\"b93183c\" data-element_type=\"widget\" data-e-type=\"widget\" data-widget_type=\"heading.default\">\n\t\t\t\t\t<h2 class=\"elementor-heading-title elementor-size-default\">Original et sensible<\/h2>\t\t\t\t<\/div>\n\t\t\t\t<div class=\"elementor-element elementor-element-f09d9d6 elementor-widget elementor-widget-text-editor\" data-id=\"f09d9d6\" data-element_type=\"widget\" data-e-type=\"widget\" data-widget_type=\"text-editor.default\">\n\t\t\t\t\t\t\t\t\t<p><strong>D\u00e9couvrez un massage unique en son genre.<\/strong><br \/><strong>Issu d&rsquo;une connaissance pratique de la cha\u00eene articulaire et des tissus corporels.<\/strong><\/p>\n<p>Je viens \u00e0 vous, \u00e0 domicile, en entreprise, associations, \u00e9v\u00e9nements, gites, campings&#8230;<\/p>\t\t\t\t\t\t\t\t<\/div>\n\t\t\t\t<div class=\"elementor-element elementor-element-585fe60 elementor-button-info elementor-align-center elementor-widget elementor-widget-button\" data-id=\"585fe60\" data-element_type=\"widget\" data-e-type=\"widget\" data-widget_type=\"button.default\">\n\t\t\t\t\t\t\t\t\t\t<a class=\"elementor-button elementor-button-link elementor-size-sm\" href=\"https:\/\/alexmalax.fr\/index.php\/prestations-tarifs\/\">\n\t\t\t\t\t\t<span class=\"elementor-button-content-wrapper\">\n\t\t\t\t\t\t\t\t\t<span class=\"elementor-button-text\">Prestations \/ Tarifs<\/span>\n\t\t\t\t\t<\/span>\n\t\t\t\t\t<\/a>\n\t\t\t\t\t\t\t\t<\/div>\n\t\t\t\t<\/div>\n\t\t<div class=\"elementor-element elementor-element-9d84923 e-con-full e-flex e-con e-parent\" data-id=\"9d84923\" data-element_type=\"container\" data-e-type=\"container\">\n\t\t\t\t<div class=\"elementor-element elementor-element-a78577d elementor-widget-divider--view-line elementor-widget elementor-widget-divider\" data-id=\"a78577d\" data-element_type=\"widget\" data-e-type=\"widget\" data-widget_type=\"divider.default\">\n\t\t\t\t\t\t\t<div class=\"elementor-divider\">\n\t\t\t<span class=\"elementor-divider-separator\">\n\t\t\t\t\t\t<\/span>\n\t\t<\/div>\n\t\t\t\t\t\t<\/div>\n\t\t\t\t<div class=\"elementor-element elementor-element-f3aa017 elementor-widget elementor-widget-heading\" data-id=\"f3aa017\" data-element_type=\"widget\" data-e-type=\"widget\" data-widget_type=\"heading.default\">\n\t\t\t\t\t<h2 class=\"elementor-heading-title elementor-size-default\">B\u00e9n\u00e9ficiez de plus de 30 ans d'exp\u00e9rience<\/h2>\t\t\t\t<\/div>\n\t\t\t\t<div class=\"elementor-element elementor-element-2fe0e46 elementor-widget elementor-widget-text-editor\" data-id=\"2fe0e46\" data-element_type=\"widget\" data-e-type=\"widget\" data-widget_type=\"text-editor.default\">\n\t\t\t\t\t\t\t\t\t<p><strong>Anim\u00e9 par une grande sensibilit\u00e9 et un app\u00e9tit de compr\u00e9hension de l&rsquo;\u00eatre dans toutes ses dimensions,<\/strong><\/p>\n<p>j&rsquo;ai construit un massage exclusif \u00e0 partir de mes sources d&rsquo;inspiration et de connaissance :<\/p>\t\t\t\t\t\t\t\t<\/div>\n\t\t\t\t<div class=\"elementor-element elementor-element-063373c elementor-align-center elementor-widget elementor-widget-button\" data-id=\"063373c\" data-element_type=\"widget\" data-e-type=\"widget\" data-widget_type=\"button.default\">\n\t\t\t\t\t\t\t\t\t\t<a class=\"elementor-button elementor-button-link elementor-size-sm\" href=\"https:\/\/alexmalax.fr\/index.php\/approche-technique\/\">\n\t\t\t\t\t\t<span class=\"elementor-button-content-wrapper\">\n\t\t\t\t\t\t\t\t\t<span class=\"elementor-button-text\">Approche Technique<\/span>\n\t\t\t\t\t<\/span>\n\t\t\t\t\t<\/a>\n\t\t\t\t\t\t\t\t<\/div>\n\t\t\t\t<\/div>\n\t\t<div class=\"elementor-element elementor-element-34cb55b e-con-full e-flex e-con e-parent\" data-id=\"34cb55b\" data-element_type=\"container\" data-e-type=\"container\">\n\t\t\t\t<div class=\"elementor-element elementor-element-e8d04e2 elementor-widget-divider--view-line elementor-widget elementor-widget-divider\" data-id=\"e8d04e2\" data-element_type=\"widget\" data-e-type=\"widget\" data-widget_type=\"divider.default\">\n\t\t\t\t\t\t\t<div class=\"elementor-divider\">\n\t\t\t<span class=\"elementor-divider-separator\">\n\t\t\t\t\t\t<\/span>\n\t\t<\/div>\n\t\t\t\t\t\t<\/div>\n\t\t\t\t<div class=\"elementor-element elementor-element-8c761ee elementor-widget elementor-widget-heading\" data-id=\"8c761ee\" data-element_type=\"widget\" data-e-type=\"widget\" data-widget_type=\"heading.default\">\n\t\t\t\t\t<h2 class=\"elementor-heading-title elementor-size-default\">Offrez-vous un moment singulier de relaxation intense<\/h2>\t\t\t\t<\/div>\n\t\t\t\t<div class=\"elementor-element elementor-element-780825e elementor-widget elementor-widget-text-editor\" data-id=\"780825e\" data-element_type=\"widget\" data-e-type=\"widget\" data-widget_type=\"text-editor.default\">\n\t\t\t\t\t\t\t\t\t<p>Chaque massage que je donne est unique. Je varie librement les techniques, le rythme, la pression en fonction de l&rsquo;instant, de vos r\u00e9actions, de vos demandes, de l&rsquo;\u00e9tat des tissus.<\/p>\n<p>Pendant le massage, je m&rsquo;engage pleinement au service d&rsquo;un rel\u00e2chement \u00e9quilibr\u00e9, dans le respect de la cha\u00eene articulaire.<\/p>\n<p>C&rsquo;est avec une grande concentration que je mobilise mon attention dans mes gestes, mes postures, mes sensations et autres impressions au service de votre rel\u00e2chement.<\/p>\t\t\t\t\t\t\t\t<\/div>\n\t\t\t\t<div class=\"elementor-element elementor-element-67c3d3a elementor-align-center elementor-widget elementor-widget-button\" data-id=\"67c3d3a\" data-element_type=\"widget\" data-e-type=\"widget\" data-widget_type=\"button.default\">\n\t\t\t\t\t\t\t\t\t\t<a class=\"elementor-button elementor-button-link elementor-size-sm\" href=\"https:\/\/alexmalax.fr\/index.php\/deroule-dune-sceance-faq\/\">\n\t\t\t\t\t\t<span class=\"elementor-button-content-wrapper\">\n\t\t\t\t\t\t\t\t\t<span class=\"elementor-button-text\">D\u00e9roul\u00e9 d\u2019une sc\u00e9ance \/ FAQ<\/span>\n\t\t\t\t\t<\/span>\n\t\t\t\t\t<\/a>\n\t\t\t\t\t\t\t\t<\/div>\n\t\t\t\t<\/div>\n\t\t<div class=\"elementor-element elementor-element-f1a599b e-con-full e-flex e-con e-parent\" data-id=\"f1a599b\" data-element_type=\"container\" data-e-type=\"container\">\n\t\t\t\t<div class=\"elementor-element elementor-element-6579a17 elementor-widget-divider--view-line elementor-widget elementor-widget-divider\" data-id=\"6579a17\" data-element_type=\"widget\" data-e-type=\"widget\" data-widget_type=\"divider.default\">\n\t\t\t\t\t\t\t<div class=\"elementor-divider\">\n\t\t\t<span class=\"elementor-divider-separator\">\n\t\t\t\t\t\t<\/span>\n\t\t<\/div>\n\t\t\t\t\t\t<\/div>\n\t\t\t\t<div class=\"elementor-element elementor-element-9dc5645 elementor-widget elementor-widget-heading\" data-id=\"9dc5645\" data-element_type=\"widget\" data-e-type=\"widget\" data-widget_type=\"heading.default\">\n\t\t\t\t\t<h2 class=\"elementor-heading-title elementor-size-default\">Contact<\/h2>\t\t\t\t<\/div>\n\t\t\t\t<div class=\"elementor-element elementor-element-1a5994e elementor-widget elementor-widget-text-editor\" data-id=\"1a5994e\" data-element_type=\"widget\" data-e-type=\"widget\" data-widget_type=\"text-editor.default\">\n\t\t\t\t\t\t\t\t\t<p><strong>Pour toute question ou pour prendre rendez-vous<\/strong><\/p>\t\t\t\t\t\t\t\t<\/div>\n\t\t\t\t<div class=\"elementor-element elementor-element-acc83e3 elementor-align-center elementor-widget elementor-widget-button\" data-id=\"acc83e3\" data-element_type=\"widget\" data-e-type=\"widget\" data-widget_type=\"button.default\">\n\t\t\t\t\t\t\t\t\t\t<a class=\"elementor-button elementor-button-link elementor-size-sm\" href=\"https:\/\/alexmalax.fr\/index.php\/contact\/\">\n\t\t\t\t\t\t<span class=\"elementor-button-content-wrapper\">\n\t\t\t\t\t\t\t\t\t<span class=\"elementor-button-text\">Cliquez ici<\/span>\n\t\t\t\t\t<\/span>\n\t\t\t\t\t<\/a>\n\t\t\t\t\t\t\t\t<\/div>\n\t\t\t\t<\/div>\n\t\t\t\t<\/div>\n\t\t","protected":false},"excerpt":{"rendered":"<p>Massage Bien-\u00catre \u00e0 Domicile Fumel et alentours Haut-Agenais, Quercy-Vall\u00e9e du Lot, P\u00e9rigord Sud Zone Original et sensible D\u00e9couvrez un massage unique en son genre.Issu d&rsquo;une connaissance pratique de la cha\u00eene articulaire et des tissus corporels. Je viens \u00e0 vous, \u00e0 domicile, en entreprise, associations, \u00e9v\u00e9nements, gites, campings&#8230; Prestations \/ Tarifs B\u00e9n\u00e9ficiez de plus de 30 [&hellip;]<\/p>\n","protected":false},"author":1,"featured_media":0,"parent":0,"menu_order":0,"comment_status":"closed","ping_status":"closed","template":"elementor_header_footer","meta":{"footnotes":""},"class_list":["post-126","page","type-page","status-publish","hentry"],"_links":{"self":[{"href":"https:\/\/alexmalax.fr\/index.php\/wp-json\/wp\/v2\/pages\/126","targetHints":{"allow":["GET"]}}],"collection":[{"href":"https:\/\/alexmalax.fr\/index.php\/wp-json\/wp\/v2\/pages"}],"about":[{"href":"https:\/\/alexmalax.fr\/index.php\/wp-json\/wp\/v2\/types\/page"}],"author":[{"embeddable":true,"href":"https:\/\/alexmalax.fr\/index.php\/wp-json\/wp\/v2\/users\/1"}],"replies":[{"embeddable":true,"href":"https:\/\/alexmalax.fr\/index.php\/wp-json\/wp\/v2\/comments?post=126"}],"version-history":[{"count":87,"href":"https:\/\/alexmalax.fr\/index.php\/wp-json\/wp\/v2\/pages\/126\/revisions"}],"predecessor-version":[{"id":390,"href":"https:\/\/alexmalax.fr\/index.php\/wp-json\/wp\/v2\/pages\/126\/revisions\/390"}],"wp:attachment":[{"href":"https:\/\/alexmalax.fr\/index.php\/wp-json\/wp\/v2\/media?parent=126"}],"curies":[{"name":"wp","href":"https:\/\/api.w.org\/{rel}","templated":true}]}}